{"id":926,"date":"2019-03-18T21:20:24","date_gmt":"2019-03-18T20:20:24","guid":{"rendered":"https:\/\/ripplronai.kaposvar\/?page_id=926"},"modified":"2019-03-18T21:25:40","modified_gmt":"2019-03-18T20:25:40","slug":"impresszum","status":"publish","type":"page","link":"https:\/\/ripplronai.kaposvar.hu\/en\/impresszum\/","title":{"rendered":"Impressum"},"content":{"rendered":"<h2 class=\"kv-page-content-title\">The owner of the homepage<\/h2>\n<h3 class=\"kv-page-content-title kv-page-content-paragraph kv-page-content-paragraphtitle kv-page-content-subtitle\">Municipality of Kaposv\u00e1r<\/h3>\n<p class=\"kv-page-content-paragraph\"><em>H-7400 Kaposv\u00e1r, Kossuth t\u00e9r 1.<\/em><br \/>\nPhone: +36 (82) 501 501<br \/>\n E-mail: info@kaposvar.hu<br \/>\n Facebook: cityofkaposvar<br \/>\n Instagram: cityofkaposvar<\/p>\n<div class=\"kv-page-margin-15\">\u00a0<\/div>","protected":false},"excerpt":{"rendered":"The owner of the homepage Municipality of Kaposv\u00e1r H-7400 Kaposv\u00e1r, Kossuth t\u00e9r 1. Phone: +36 (82) 501 501 E-mail: info@kaposvar.hu Facebook: cityofkaposvar Instagram: cityofkaposvar \u00a0","protected":false},"author":1,"featured_media":0,"parent":0,"menu_order":0,"comment_status":"closed","ping_status":"closed","template":"","meta":[],"acf":[],"yoast_head":"<!-- This site is optimized with the Yoast SEO plugin v19.8 - https:\/\/yoast.com\/wordpress\/plugins\/seo\/ -->\n<title>Impressum - Rippl-R\u00f3nai - Kaposv\u00e1r Megyei Jog\u00fa V\u00e1ros<\/title>\n<meta name=\"robots\" content=\"noindex, follow, max-snippet:-1, max-image-preview:large, max-video-preview:-1\" \/>\n<meta property=\"og:locale\" content=\"en_US\" \/>\n<meta property=\"og:type\" content=\"article\" \/>\n<meta property=\"og:title\" content=\"Impressum - Rippl-R\u00f3nai - Kaposv\u00e1r Megyei Jog\u00fa V\u00e1ros\" \/>\n<meta property=\"og:description\" content=\"The owner of the homepage Municipality of Kaposv\u00e1r H-7400 Kaposv\u00e1r, Kossuth t\u00e9r 1. Phone: +36 (82) 501 501 E-mail: info@kaposvar.hu Facebook: cityofkaposvar Instagram: cityofkaposvar \u00a0\" \/>\n<meta property=\"og:url\" content=\"https:\/\/ripplronai.kaposvar.hu\/hu\/impresszum\/\" \/>\n<meta property=\"og:site_name\" content=\"Rippl-R\u00f3nai - Kaposv\u00e1r Megyei Jog\u00fa V\u00e1ros\" \/>\n<meta property=\"article:modified_time\" content=\"2019-03-18T20:25:40+00:00\" \/>\n<meta name=\"twitter:card\" content=\"summary_large_image\" \/>\n<script type=\"application\/ld+json\" class=\"yoast-schema-graph\">{\"@context\":\"https:\/\/schema.org\",\"@graph\":[{\"@type\":\"WebPage\",\"@id\":\"https:\/\/ripplronai.kaposvar.hu\/hu\/impresszum\/\",\"url\":\"https:\/\/ripplronai.kaposvar.hu\/hu\/impresszum\/\",\"name\":\"Impressum - Rippl-R\u00f3nai - Kaposv\u00e1r Megyei Jog\u00fa V\u00e1ros\",\"isPartOf\":{\"@id\":\"https:\/\/ripplronai.kaposvar.hu\/hu\/#website\"},\"datePublished\":\"2019-03-18T20:20:24+00:00\",\"dateModified\":\"2019-03-18T20:25:40+00:00\",\"breadcrumb\":{\"@id\":\"https:\/\/ripplronai.kaposvar.hu\/hu\/impresszum\/#breadcrumb\"},\"inLanguage\":\"en-US\",\"potentialAction\":[{\"@type\":\"ReadAction\",\"target\":[\"https:\/\/ripplronai.kaposvar.hu\/hu\/impresszum\/\"]}]},{\"@type\":\"BreadcrumbList\",\"@id\":\"https:\/\/ripplronai.kaposvar.hu\/hu\/impresszum\/#breadcrumb\",\"itemListElement\":[{\"@type\":\"ListItem\",\"position\":1,\"name\":\"Home\",\"item\":\"https:\/\/ripplronai.kaposvar.hu\/hu\/\"},{\"@type\":\"ListItem\",\"position\":2,\"name\":\"Impresszum\"}]},{\"@type\":\"WebSite\",\"@id\":\"https:\/\/ripplronai.kaposvar.hu\/hu\/#website\",\"url\":\"https:\/\/ripplronai.kaposvar.hu\/hu\/\",\"name\":\"Rippl-R\u00f3nai - Kaposv\u00e1r Megyei Jog\u00fa V\u00e1ros\",\"description\":\"\",\"potentialAction\":[{\"@type\":\"SearchAction\",\"target\":{\"@type\":\"EntryPoint\",\"urlTemplate\":\"https:\/\/ripplronai.kaposvar.hu\/hu\/?s={search_term_string}\"},\"query-input\":\"required name=search_term_string\"}],\"inLanguage\":\"en-US\"}]}<\/script>\n<!-- \/ Yoast SEO plugin. -->","yoast_head_json":{"title":"Impressum - Rippl-R\u00f3nai - Kaposv\u00e1r Megyei Jog\u00fa V\u00e1ros","robots":{"index":"noindex","follow":"follow","max-snippet":"max-snippet:-1","max-image-preview":"max-image-preview:large","max-video-preview":"max-video-preview:-1"},"og_locale":"en_US","og_type":"article","og_title":"Impressum - Rippl-R\u00f3nai - Kaposv\u00e1r Megyei Jog\u00fa V\u00e1ros","og_description":"The owner of the homepage Municipality of Kaposv\u00e1r H-7400 Kaposv\u00e1r, Kossuth t\u00e9r 1. Phone: +36 (82) 501 501 E-mail: info@kaposvar.hu Facebook: cityofkaposvar Instagram: cityofkaposvar \u00a0","og_url":"https:\/\/ripplronai.kaposvar.hu\/hu\/impresszum\/","og_site_name":"Rippl-R\u00f3nai - Kaposv\u00e1r Megyei Jog\u00fa V\u00e1ros","article_modified_time":"2019-03-18T20:25:40+00:00","twitter_card":"summary_large_image","schema":{"@context":"https:\/\/schema.org","@graph":[{"@type":"WebPage","@id":"https:\/\/ripplronai.kaposvar.hu\/hu\/impresszum\/","url":"https:\/\/ripplronai.kaposvar.hu\/hu\/impresszum\/","name":"Impressum - Rippl-R\u00f3nai - Kaposv\u00e1r Megyei Jog\u00fa V\u00e1ros","isPartOf":{"@id":"https:\/\/ripplronai.kaposvar.hu\/hu\/#website"},"datePublished":"2019-03-18T20:20:24+00:00","dateModified":"2019-03-18T20:25:40+00:00","breadcrumb":{"@id":"https:\/\/ripplronai.kaposvar.hu\/hu\/impresszum\/#breadcrumb"},"inLanguage":"en-US","potentialAction":[{"@type":"ReadAction","target":["https:\/\/ripplronai.kaposvar.hu\/hu\/impresszum\/"]}]},{"@type":"BreadcrumbList","@id":"https:\/\/ripplronai.kaposvar.hu\/hu\/impresszum\/#breadcrumb","itemListElement":[{"@type":"ListItem","position":1,"name":"Home","item":"https:\/\/ripplronai.kaposvar.hu\/hu\/"},{"@type":"ListItem","position":2,"name":"Impresszum"}]},{"@type":"WebSite","@id":"https:\/\/ripplronai.kaposvar.hu\/hu\/#website","url":"https:\/\/ripplronai.kaposvar.hu\/hu\/","name":"Rippl-R\u00f3nai - Kaposv\u00e1r Megyei Jog\u00fa V\u00e1ros","description":"","potentialAction":[{"@type":"SearchAction","target":{"@type":"EntryPoint","urlTemplate":"https:\/\/ripplronai.kaposvar.hu\/hu\/?s={search_term_string}"},"query-input":"required name=search_term_string"}],"inLanguage":"en-US"}]}},"_links":{"self":[{"href":"https:\/\/ripplronai.kaposvar.hu\/en\/wp-json\/wp\/v2\/pages\/926"}],"collection":[{"href":"https:\/\/ripplronai.kaposvar.hu\/en\/wp-json\/wp\/v2\/pages"}],"about":[{"href":"https:\/\/ripplronai.kaposvar.hu\/en\/wp-json\/wp\/v2\/types\/page"}],"author":[{"embeddable":true,"href":"https:\/\/ripplronai.kaposvar.hu\/en\/wp-json\/wp\/v2\/users\/1"}],"replies":[{"embeddable":true,"href":"https:\/\/ripplronai.kaposvar.hu\/en\/wp-json\/wp\/v2\/comments?post=926"}],"version-history":[{"count":0,"href":"https:\/\/ripplronai.kaposvar.hu\/en\/wp-json\/wp\/v2\/pages\/926\/revisions"}],"wp:attachment":[{"href":"https:\/\/ripplronai.kaposvar.hu\/en\/wp-json\/wp\/v2\/media?parent=926"}],"curies":[{"name":"wp","href":"https:\/\/api.w.org\/{rel}","templated":true}]}}