{"id":756,"date":"2018-03-18T17:02:10","date_gmt":"2018-03-18T16:02:10","guid":{"rendered":"https:\/\/ripplronai.kaposvar\/?page_id=756"},"modified":"2018-03-18T17:02:10","modified_gmt":"2018-03-18T16:02:10","slug":"aktualis","status":"publish","type":"page","link":"https:\/\/ripplronai.kaposvar.hu\/hu\/aktualis\/","title":{"rendered":"Aktu\u00e1lis"},"content":{"rendered":"","protected":false},"excerpt":{"rendered":"","protected":false},"author":1,"featured_media":0,"parent":0,"menu_order":0,"comment_status":"closed","ping_status":"closed","template":"","meta":[],"acf":[],"yoast_head":"<!-- This site is optimized with the Yoast SEO plugin v19.8 - https:\/\/yoast.com\/wordpress\/plugins\/seo\/ -->\n<title>Aktu\u00e1lis - Rippl-R\u00f3nai - Kaposv\u00e1r Megyei Jog\u00fa V\u00e1ros<\/title>\n<meta name=\"robots\" content=\"noindex, follow, max-snippet:-1, max-image-preview:large, max-video-preview:-1\" \/>\n<meta property=\"og:locale\" content=\"hu_HU\" \/>\n<meta property=\"og:type\" content=\"article\" \/>\n<meta property=\"og:title\" content=\"Aktu\u00e1lis - Rippl-R\u00f3nai - Kaposv\u00e1r Megyei Jog\u00fa V\u00e1ros\" \/>\n<meta property=\"og:url\" content=\"https:\/\/ripplronai.kaposvar.hu\/hu\/aktualis\/\" \/>\n<meta property=\"og:site_name\" content=\"Rippl-R\u00f3nai - Kaposv\u00e1r Megyei Jog\u00fa V\u00e1ros\" \/>\n<meta name=\"twitter:card\" content=\"summary_large_image\" \/>\n<script type=\"application\/ld+json\" class=\"yoast-schema-graph\">{\"@context\":\"https:\/\/schema.org\",\"@graph\":[{\"@type\":\"WebPage\",\"@id\":\"https:\/\/ripplronai.kaposvar.hu\/hu\/aktualis\/\",\"url\":\"https:\/\/ripplronai.kaposvar.hu\/hu\/aktualis\/\",\"name\":\"Aktu\u00e1lis - Rippl-R\u00f3nai - Kaposv\u00e1r Megyei Jog\u00fa V\u00e1ros\",\"isPartOf\":{\"@id\":\"https:\/\/ripplronai.kaposvar.hu\/hu\/#website\"},\"datePublished\":\"2018-03-18T16:02:10+00:00\",\"dateModified\":\"2018-03-18T16:02:10+00:00\",\"breadcrumb\":{\"@id\":\"https:\/\/ripplronai.kaposvar.hu\/hu\/aktualis\/#breadcrumb\"},\"inLanguage\":\"hu\",\"potentialAction\":[{\"@type\":\"ReadAction\",\"target\":[\"https:\/\/ripplronai.kaposvar.hu\/hu\/aktualis\/\"]}]},{\"@type\":\"BreadcrumbList\",\"@id\":\"https:\/\/ripplronai.kaposvar.hu\/hu\/aktualis\/#breadcrumb\",\"itemListElement\":[{\"@type\":\"ListItem\",\"position\":1,\"name\":\"Home\",\"item\":\"https:\/\/ripplronai.kaposvar.hu\/hu\/\"},{\"@type\":\"ListItem\",\"position\":2,\"name\":\"Aktu\u00e1lis\"}]},{\"@type\":\"WebSite\",\"@id\":\"https:\/\/ripplronai.kaposvar.hu\/hu\/#website\",\"url\":\"https:\/\/ripplronai.kaposvar.hu\/hu\/\",\"name\":\"Rippl-R\u00f3nai - Kaposv\u00e1r Megyei Jog\u00fa V\u00e1ros\",\"description\":\"\",\"potentialAction\":[{\"@type\":\"SearchAction\",\"target\":{\"@type\":\"EntryPoint\",\"urlTemplate\":\"https:\/\/ripplronai.kaposvar.hu\/hu\/?s={search_term_string}\"},\"query-input\":\"required name=search_term_string\"}],\"inLanguage\":\"hu\"}]}<\/script>\n<!-- \/ Yoast SEO plugin. -->","yoast_head_json":{"title":"Aktu\u00e1lis - Rippl-R\u00f3nai - Kaposv\u00e1r Megyei Jog\u00fa V\u00e1ros","robots":{"index":"noindex","follow":"follow","max-snippet":"max-snippet:-1","max-image-preview":"max-image-preview:large","max-video-preview":"max-video-preview:-1"},"og_locale":"hu_HU","og_type":"article","og_title":"Aktu\u00e1lis - Rippl-R\u00f3nai - Kaposv\u00e1r Megyei Jog\u00fa V\u00e1ros","og_url":"https:\/\/ripplronai.kaposvar.hu\/hu\/aktualis\/","og_site_name":"Rippl-R\u00f3nai - Kaposv\u00e1r Megyei Jog\u00fa V\u00e1ros","twitter_card":"summary_large_image","schema":{"@context":"https:\/\/schema.org","@graph":[{"@type":"WebPage","@id":"https:\/\/ripplronai.kaposvar.hu\/hu\/aktualis\/","url":"https:\/\/ripplronai.kaposvar.hu\/hu\/aktualis\/","name":"Aktu\u00e1lis - Rippl-R\u00f3nai - Kaposv\u00e1r Megyei Jog\u00fa V\u00e1ros","isPartOf":{"@id":"https:\/\/ripplronai.kaposvar.hu\/hu\/#website"},"datePublished":"2018-03-18T16:02:10+00:00","dateModified":"2018-03-18T16:02:10+00:00","breadcrumb":{"@id":"https:\/\/ripplronai.kaposvar.hu\/hu\/aktualis\/#breadcrumb"},"inLanguage":"hu","potentialAction":[{"@type":"ReadAction","target":["https:\/\/ripplronai.kaposvar.hu\/hu\/aktualis\/"]}]},{"@type":"BreadcrumbList","@id":"https:\/\/ripplronai.kaposvar.hu\/hu\/aktualis\/#breadcrumb","itemListElement":[{"@type":"ListItem","position":1,"name":"Home","item":"https:\/\/ripplronai.kaposvar.hu\/hu\/"},{"@type":"ListItem","position":2,"name":"Aktu\u00e1lis"}]},{"@type":"WebSite","@id":"https:\/\/ripplronai.kaposvar.hu\/hu\/#website","url":"https:\/\/ripplronai.kaposvar.hu\/hu\/","name":"Rippl-R\u00f3nai - Kaposv\u00e1r Megyei Jog\u00fa V\u00e1ros","description":"","potentialAction":[{"@type":"SearchAction","target":{"@type":"EntryPoint","urlTemplate":"https:\/\/ripplronai.kaposvar.hu\/hu\/?s={search_term_string}"},"query-input":"required name=search_term_string"}],"inLanguage":"hu"}]}},"_links":{"self":[{"href":"https:\/\/ripplronai.kaposvar.hu\/hu\/wp-json\/wp\/v2\/pages\/756"}],"collection":[{"href":"https:\/\/ripplronai.kaposvar.hu\/hu\/wp-json\/wp\/v2\/pages"}],"about":[{"href":"https:\/\/ripplronai.kaposvar.hu\/hu\/wp-json\/wp\/v2\/types\/page"}],"author":[{"embeddable":true,"href":"https:\/\/ripplronai.kaposvar.hu\/hu\/wp-json\/wp\/v2\/users\/1"}],"replies":[{"embeddable":true,"href":"https:\/\/ripplronai.kaposvar.hu\/hu\/wp-json\/wp\/v2\/comments?post=756"}],"version-history":[{"count":0,"href":"https:\/\/ripplronai.kaposvar.hu\/hu\/wp-json\/wp\/v2\/pages\/756\/revisions"}],"wp:attachment":[{"href":"https:\/\/ripplronai.kaposvar.hu\/hu\/wp-json\/wp\/v2\/media?parent=756"}],"curies":[{"name":"wp","href":"https:\/\/api.w.org\/{rel}","templated":true}]}}